{"id":14717,"date":"2024-01-14T19:21:42","date_gmt":"2024-01-14T19:21:42","guid":{"rendered":"https:\/\/adligo.io\/?page_id=14717"},"modified":"2024-03-17T10:40:17","modified_gmt":"2024-03-17T10:40:17","slug":"snabblankar","status":"publish","type":"page","link":"https:\/\/adligo.io\/en\/snabblankar\/","title":{"rendered":"Quick links"},"content":{"rendered":"\t\t<div data-elementor-type=\"wp-page\" data-elementor-id=\"14717\" class=\"elementor elementor-14717\" data-elementor-post-type=\"page\">\n\t\t\t\t\t\t<section class=\"elementor-section elementor-top-section elementor-element elementor-element-fb4b641 elementor-section-boxed elementor-section-height-default elementor-section-height-default fbth-custom-animation-no FBTH-addons-sticky-no\" data-id=\"fb4b641\" data-element_type=\"section\" data-e-type=\"section\" data-settings=\"{&quot;fbth_animation_on&quot;:&quot;no&quot;,&quot;fbth_sticky&quot;:&quot;no&quot;}\">\n\t\t\t\t\t\t<div class=\"elementor-container elementor-column-gap-default\">\n\t\t\t\t\t<div class=\"elementor-column elementor-col-50 elementor-top-column elementor-element elementor-element-f14f07c\" data-id=\"f14f07c\" data-element_type=\"column\" data-e-type=\"column\">\n\t\t\t<div class=\"elementor-widget-wrap elementor-element-populated\">\n\t\t\t\t\t\t<div class=\"elementor-element elementor-element-2132594 elementor-widget__width-auto elementor-absolute elementor-align-center FBTH-addons-sticky-no elementor-invisible elementor-widget elementor-widget-lottie\" data-id=\"2132594\" data-element_type=\"widget\" data-e-type=\"widget\" data-settings=\"{&quot;source_json&quot;:{&quot;url&quot;:&quot;https:\\\/\\\/adligo.io\\\/wp-content\\\/uploads\\\/2023\\\/08\\\/V4oPBVEPAm.json&quot;,&quot;id&quot;:11646,&quot;size&quot;:&quot;&quot;,&quot;alt&quot;:&quot;&quot;,&quot;source&quot;:&quot;library&quot;},&quot;loop&quot;:&quot;yes&quot;,&quot;play_speed&quot;:{&quot;unit&quot;:&quot;px&quot;,&quot;size&quot;:0.3,&quot;sizes&quot;:[]},&quot;_position&quot;:&quot;absolute&quot;,&quot;_animation&quot;:&quot;fadeIn&quot;,&quot;source&quot;:&quot;media_file&quot;,&quot;caption_source&quot;:&quot;none&quot;,&quot;link_to&quot;:&quot;none&quot;,&quot;trigger&quot;:&quot;arriving_to_viewport&quot;,&quot;viewport&quot;:{&quot;unit&quot;:&quot;%&quot;,&quot;size&quot;:&quot;&quot;,&quot;sizes&quot;:{&quot;start&quot;:0,&quot;end&quot;:100}},&quot;start_point&quot;:{&quot;unit&quot;:&quot;%&quot;,&quot;size&quot;:0,&quot;sizes&quot;:[]},&quot;end_point&quot;:{&quot;unit&quot;:&quot;%&quot;,&quot;size&quot;:100,&quot;sizes&quot;:[]},&quot;renderer&quot;:&quot;svg&quot;,&quot;fbth_sticky&quot;:&quot;no&quot;}\" data-widget_type=\"lottie.default\">\n\t\t\t\t<div class=\"elementor-widget-container\">\n\t\t\t\t\t<div class=\"e-lottie__container\"><div class=\"e-lottie__animation\"><\/div><\/div>\t\t\t\t<\/div>\n\t\t\t\t<\/div>\n\t\t\t\t<div class=\"elementor-element elementor-element-40801ed FBTH-addons-sticky-no elementor-widget elementor-widget-heading\" data-id=\"40801ed\" data-element_type=\"widget\" data-e-type=\"widget\" data-settings=\"{&quot;fbth_sticky&quot;:&quot;no&quot;}\" data-widget_type=\"heading.default\">\n\t\t\t\t<div class=\"elementor-widget-container\">\n\t\t\t\t\t<h1 class=\"elementor-heading-title elementor-size-default\">Snabbl\u00e4nkar<\/h1>\t\t\t\t<\/div>\n\t\t\t\t<\/div>\n\t\t\t\t<div class=\"elementor-element elementor-element-5d2d0b9 FBTH-addons-sticky-no elementor-widget elementor-widget-heading\" data-id=\"5d2d0b9\" data-element_type=\"widget\" data-e-type=\"widget\" data-settings=\"{&quot;fbth_sticky&quot;:&quot;no&quot;}\" data-widget_type=\"heading.default\">\n\t\t\t\t<div class=\"elementor-widget-container\">\n\t\t\t\t\t<h2 class=\"elementor-heading-title elementor-size-default\">Centraliserar och organiserar tillg\u00e5ng till er digitala arbetsmilj\u00f6<\/h2>\t\t\t\t<\/div>\n\t\t\t\t<\/div>\n\t\t\t\t<div class=\"elementor-element elementor-element-ade13e7 fbth-size-default FBTH-addons-sticky-no elementor-widget elementor-widget-text-editor\" data-id=\"ade13e7\" data-element_type=\"widget\" data-e-type=\"widget\" data-settings=\"{&quot;fbth_sticky&quot;:&quot;no&quot;}\" data-widget_type=\"text-editor.default\">\n\t\t\t\t<div class=\"elementor-widget-container\">\n\t\t\t\t\t\t\t\t\tH\u00e4rifr\u00e5n \u00e4r du ett klick bort fr\u00e5n alla n\u00f6dv\u00e4ndiga digitala verktyg och informationsk\u00e4llor\t\t\t\t\t\t\t\t<\/div>\n\t\t\t\t<\/div>\n\t\t\t\t<div class=\"elementor-element elementor-element-d51a2d8 func elementor-button-align-stretch FBTH-addons-sticky-no elementor-widget elementor-widget-form\" data-id=\"d51a2d8\" data-element_type=\"widget\" data-e-type=\"widget\" data-settings=\"{&quot;button_width&quot;:&quot;40&quot;,&quot;step_next_label&quot;:&quot;N\\u00e4sta&quot;,&quot;step_previous_label&quot;:&quot;F\\u00f6reg\\u00e5ende&quot;,&quot;step_type&quot;:&quot;number_text&quot;,&quot;step_icon_shape&quot;:&quot;circle&quot;,&quot;fbth_sticky&quot;:&quot;no&quot;}\" data-widget_type=\"form.default\">\n\t\t\t\t<div class=\"elementor-widget-container\">\n\t\t\t\t\t\t\t<form class=\"elementor-form\" method=\"post\" name=\"Nytt formul\u00e4r\" aria-label=\"Nytt formul\u00e4r\">\n\t\t\t<input type=\"hidden\" name=\"post_id\" value=\"14717\"\/>\n\t\t\t<input type=\"hidden\" name=\"form_id\" value=\"d51a2d8\"\/>\n\t\t\t<input type=\"hidden\" name=\"referer_title\" value=\"Snabbl\u00e4nkar - Adligo\" \/>\n\n\t\t\t\t\t\t\t<input type=\"hidden\" name=\"queried_id\" value=\"14717\"\/>\n\t\t\t\n\t\t\t<div class=\"elementor-form-fields-wrapper elementor-labels-\">\n\t\t\t\t\t\t\t\t<div class=\"elementor-field-type-text elementor-field-group elementor-column elementor-field-group-name elementor-col-60\">\n\t\t\t\t\t\t\t\t\t\t\t\t<label for=\"form-field-name\" class=\"elementor-field-label elementor-screen-only\">\n\t\t\t\t\t\t\t\tE-post\t\t\t\t\t\t\t<\/label>\n\t\t\t\t\t\t\t\t\t\t\t\t\t\t<input size=\"1\" type=\"text\" name=\"form_fields[name]\" id=\"form-field-name\" class=\"elementor-field elementor-size-sm  elementor-field-textual\" placeholder=\"Ange din e-post\">\n\t\t\t\t\t\t\t\t\t\t\t<\/div>\n\t\t\t\t\t\t\t\t<div class=\"elementor-field-group elementor-column elementor-field-type-submit elementor-col-40 e-form__buttons\">\n\t\t\t\t\t<button class=\"elementor-button elementor-size-sm\" type=\"submit\">\n\t\t\t\t\t\t<span class=\"elementor-button-content-wrapper\">\n\t\t\t\t\t\t\t\t\t\t\t\t\t\t\t\t\t\t\t\t\t\t<span class=\"elementor-button-text\">Kontakta mig<\/span>\n\t\t\t\t\t\t\t\t\t\t\t\t\t<\/span>\n\t\t\t\t\t<\/button>\n\t\t\t\t<\/div>\n\t\t\t<\/div>\n\t\t<input\n                    class=\"apbct_special_field apbct_email_id__elementor_form\"\n                    name=\"apbct__email_id__elementor_form\"\n                    aria-label=\"apbct__label_id__elementor_form\"\n                    type=\"text\" size=\"30\" maxlength=\"200\" autocomplete=\"off\"\n                    value=\"\"\n                \/><\/form>\n\t\t\t\t\t\t<\/div>\n\t\t\t\t<\/div>\n\t\t\t\t<div class=\"elementor-element elementor-element-6b94db7 elementor-widget__width-auto elementor-widget-mobile__width-inherit elementor-icon-list--layout-traditional elementor-list-item-link-full_width FBTH-addons-sticky-no elementor-widget elementor-widget-icon-list\" data-id=\"6b94db7\" data-element_type=\"widget\" data-e-type=\"widget\" data-settings=\"{&quot;fbth_sticky&quot;:&quot;no&quot;}\" data-widget_type=\"icon-list.default\">\n\t\t\t\t<div class=\"elementor-widget-container\">\n\t\t\t\t\t\t\t<ul class=\"elementor-icon-list-items\">\n\t\t\t\t\t\t\t<li class=\"elementor-icon-list-item\">\n\t\t\t\t\t\t\t\t\t\t\t<a href=\"https:\/\/youtu.be\/6bXLTDZZNBk\" target=\"_blank\" rel=\"noopener\">\n\n\t\t\t\t\t\t\t\t\t\t\t\t<span class=\"elementor-icon-list-icon\">\n\t\t\t\t\t\t\t<i aria-hidden=\"true\" class=\"fas fa-play-circle\"><\/i>\t\t\t\t\t\t<\/span>\n\t\t\t\t\t\t\t\t\t\t<span class=\"elementor-icon-list-text\">Se video<\/span>\n\t\t\t\t\t\t\t\t\t\t\t<\/a>\n\t\t\t\t\t\t\t\t\t<\/li>\n\t\t\t\t\t\t<\/ul>\n\t\t\t\t\t\t<\/div>\n\t\t\t\t<\/div>\n\t\t\t\t<div class=\"elementor-element elementor-element-361c931 elementor-widget__width-auto elementor-icon-list--layout-traditional elementor-list-item-link-full_width FBTH-addons-sticky-no elementor-widget elementor-widget-icon-list\" data-id=\"361c931\" data-element_type=\"widget\" data-e-type=\"widget\" data-settings=\"{&quot;fbth_sticky&quot;:&quot;no&quot;}\" data-widget_type=\"icon-list.default\">\n\t\t\t\t<div class=\"elementor-widget-container\">\n\t\t\t\t\t\t\t<ul class=\"elementor-icon-list-items\">\n\t\t\t\t\t\t\t<li class=\"elementor-icon-list-item\">\n\t\t\t\t\t\t\t\t\t\t\t<a href=\"https:\/\/app.sellto.ai\/flow\/xEbcjkoBpP4GplVXBEXB\/eBvtYOSo8G3KqNk0ymaC\" target=\"_blank\" rel=\"noopener\">\n\n\t\t\t\t\t\t\t\t\t\t\t\t<span class=\"elementor-icon-list-icon\">\n\t\t\t\t\t\t\t<i aria-hidden=\"true\" class=\"fas fa-robot\"><\/i>\t\t\t\t\t\t<\/span>\n\t\t\t\t\t\t\t\t\t\t<span class=\"elementor-icon-list-text\">Prata med v\u00e5r AI-assistent<\/span>\n\t\t\t\t\t\t\t\t\t\t\t<\/a>\n\t\t\t\t\t\t\t\t\t<\/li>\n\t\t\t\t\t\t<\/ul>\n\t\t\t\t\t\t<\/div>\n\t\t\t\t<\/div>\n\t\t\t\t\t<\/div>\n\t\t<\/div>\n\t\t\t\t<div class=\"elementor-column elementor-col-50 elementor-top-column elementor-element elementor-element-8ef25d4\" data-id=\"8ef25d4\" data-element_type=\"column\" data-e-type=\"column\">\n\t\t\t<div class=\"elementor-widget-wrap elementor-element-populated\">\n\t\t\t\t\t\t<div class=\"elementor-element elementor-element-983e2bf FBTH-addons-sticky-no elementor-widget elementor-widget-image\" data-id=\"983e2bf\" data-element_type=\"widget\" data-e-type=\"widget\" data-settings=\"{&quot;fbth_sticky&quot;:&quot;no&quot;}\" data-widget_type=\"image.default\">\n\t\t\t\t<div class=\"elementor-widget-container\">\n\t\t\t\t\t\t\t\t\t\t\t\t\t\t\t<img fetchpriority=\"high\" decoding=\"async\" width=\"616\" height=\"184\" src=\"https:\/\/adligo.io\/wp-content\/uploads\/2024\/01\/Snabblankar.png\" class=\"attachment-large size-large wp-image-14719\" alt=\"\" srcset=\"https:\/\/adligo.io\/wp-content\/uploads\/2024\/01\/Snabblankar.png 616w, https:\/\/adligo.io\/wp-content\/uploads\/2024\/01\/Snabblankar-300x90.png 300w, https:\/\/adligo.io\/wp-content\/uploads\/2024\/01\/Snabblankar-18x5.png 18w\" sizes=\"(max-width: 616px) 100vw, 616px\" \/>\t\t\t\t\t\t\t\t\t\t\t\t\t\t\t<\/div>\n\t\t\t\t<\/div>\n\t\t\t\t\t<\/div>\n\t\t<\/div>\n\t\t\t\t\t<\/div>\n\t\t<\/section>\n\t\t<div class=\"elementor-element elementor-element-246e5551 e-flex e-con-boxed fbth-custom-animation-no e-con e-parent\" data-id=\"246e5551\" data-element_type=\"container\" data-e-type=\"container\" data-settings=\"{&quot;fbth_animation_on&quot;:&quot;no&quot;}\">\n\t\t\t\t\t<div class=\"e-con-inner\">\n\t\t\t\t<div class=\"elementor-element elementor-element-64a6f2db FBTH-addons-sticky-no elementor-widget elementor-widget-heading\" data-id=\"64a6f2db\" data-element_type=\"widget\" data-e-type=\"widget\" data-settings=\"{&quot;fbth_sticky&quot;:&quot;no&quot;}\" data-widget_type=\"heading.default\">\n\t\t\t\t<div class=\"elementor-widget-container\">\n\t\t\t\t\t<h3 class=\"elementor-heading-title elementor-size-default\">Hur det fungerar i praktiken<\/h3>\t\t\t\t<\/div>\n\t\t\t\t<\/div>\n\t\t\t\t\t<\/div>\n\t\t\t\t<\/div>\n\t\t<div class=\"elementor-element elementor-element-4dfcd4b9 e-flex e-con-boxed fbth-custom-animation-no e-con e-parent\" data-id=\"4dfcd4b9\" data-element_type=\"container\" data-e-type=\"container\" data-settings=\"{&quot;fbth_animation_on&quot;:&quot;no&quot;}\">\n\t\t\t\t\t<div class=\"e-con-inner\">\n\t\t<div class=\"elementor-element elementor-element-35bee032 e-con-full e-flex fbth-custom-animation-no e-con e-child\" data-id=\"35bee032\" data-element_type=\"container\" data-e-type=\"container\" data-settings=\"{&quot;fbth_animation_on&quot;:&quot;no&quot;}\">\n\t\t<div class=\"elementor-element elementor-element-21b295c1 e-flex e-con-boxed fbth-custom-animation-no e-con e-child\" data-id=\"21b295c1\" data-element_type=\"container\" data-e-type=\"container\" data-settings=\"{&quot;background_background&quot;:&quot;classic&quot;,&quot;fbth_animation_on&quot;:&quot;no&quot;}\">\n\t\t\t\t\t<div class=\"e-con-inner\">\n\t\t\t\t<div class=\"elementor-element elementor-element-151e96f3 FBTH-addons-sticky-no elementor-widget elementor-widget-heading\" data-id=\"151e96f3\" data-element_type=\"widget\" data-e-type=\"widget\" data-settings=\"{&quot;fbth_sticky&quot;:&quot;no&quot;}\" data-widget_type=\"heading.default\">\n\t\t\t\t<div class=\"elementor-widget-container\">\n\t\t\t\t\t<h3 class=\"elementor-heading-title elementor-size-default\">Adligo<\/h3>\t\t\t\t<\/div>\n\t\t\t\t<\/div>\n\t\t\t\t<div class=\"elementor-element elementor-element-2ca52077 elementor-icon-list--layout-traditional elementor-list-item-link-full_width FBTH-addons-sticky-no elementor-widget elementor-widget-icon-list\" data-id=\"2ca52077\" data-element_type=\"widget\" data-e-type=\"widget\" data-settings=\"{&quot;fbth_sticky&quot;:&quot;no&quot;}\" data-widget_type=\"icon-list.default\">\n\t\t\t\t<div class=\"elementor-widget-container\">\n\t\t\t\t\t\t\t<ul class=\"elementor-icon-list-items\">\n\t\t\t\t\t\t\t<li class=\"elementor-icon-list-item\">\n\t\t\t\t\t\t\t\t\t\t\t<span class=\"elementor-icon-list-icon\">\n\t\t\t\t\t\t\t<i aria-hidden=\"true\" class=\"fas fa-check\"><\/i>\t\t\t\t\t\t<\/span>\n\t\t\t\t\t\t\t\t\t\t<span class=\"elementor-icon-list-text\">Samlar gemensamma och individuella l\u00e4nkar p\u00e5 ett st\u00e4lle<\/span>\n\t\t\t\t\t\t\t\t\t<\/li>\n\t\t\t\t\t\t\t\t<li class=\"elementor-icon-list-item\">\n\t\t\t\t\t\t\t\t\t\t\t<span class=\"elementor-icon-list-icon\">\n\t\t\t\t\t\t\t<i aria-hidden=\"true\" class=\"fas fa-check\"><\/i>\t\t\t\t\t\t<\/span>\n\t\t\t\t\t\t\t\t\t\t<span class=\"elementor-icon-list-text\">Ger omedelbar tillg\u00e5ng till verktyg och informationsk\u00e4llor<\/span>\n\t\t\t\t\t\t\t\t\t<\/li>\n\t\t\t\t\t\t\t\t<li class=\"elementor-icon-list-item\">\n\t\t\t\t\t\t\t\t\t\t\t<span class=\"elementor-icon-list-icon\">\n\t\t\t\t\t\t\t<i aria-hidden=\"true\" class=\"fas fa-check\"><\/i>\t\t\t\t\t\t<\/span>\n\t\t\t\t\t\t\t\t\t\t<span class=\"elementor-icon-list-text\">M\u00f6jligg\u00f6r \u00e5tkomst till viktiga l\u00e4nkar var som helst<\/span>\n\t\t\t\t\t\t\t\t\t<\/li>\n\t\t\t\t\t\t<\/ul>\n\t\t\t\t\t\t<\/div>\n\t\t\t\t<\/div>\n\t\t\t\t\t<\/div>\n\t\t\t\t<\/div>\n\t\t\t\t<\/div>\n\t\t<div class=\"elementor-element elementor-element-62684ed1 e-con-full e-flex fbth-custom-animation-no e-con e-child\" data-id=\"62684ed1\" data-element_type=\"container\" data-e-type=\"container\" data-settings=\"{&quot;fbth_animation_on&quot;:&quot;no&quot;}\">\n\t\t<div class=\"elementor-element elementor-element-6bc81442 e-flex e-con-boxed fbth-custom-animation-no e-con e-child\" data-id=\"6bc81442\" data-element_type=\"container\" data-e-type=\"container\" data-settings=\"{&quot;background_background&quot;:&quot;classic&quot;,&quot;fbth_animation_on&quot;:&quot;no&quot;}\">\n\t\t\t\t\t<div class=\"e-con-inner\">\n\t\t\t\t<div class=\"elementor-element elementor-element-62e6335e FBTH-addons-sticky-no elementor-widget elementor-widget-heading\" data-id=\"62e6335e\" data-element_type=\"widget\" data-e-type=\"widget\" data-settings=\"{&quot;fbth_sticky&quot;:&quot;no&quot;}\" data-widget_type=\"heading.default\">\n\t\t\t\t<div class=\"elementor-widget-container\">\n\t\t\t\t\t<h3 class=\"elementor-heading-title elementor-size-default\">Chefen<\/h3>\t\t\t\t<\/div>\n\t\t\t\t<\/div>\n\t\t\t\t<div class=\"elementor-element elementor-element-570e3a15 elementor-icon-list--layout-traditional elementor-list-item-link-full_width FBTH-addons-sticky-no elementor-widget elementor-widget-icon-list\" data-id=\"570e3a15\" data-element_type=\"widget\" data-e-type=\"widget\" data-settings=\"{&quot;fbth_sticky&quot;:&quot;no&quot;}\" data-widget_type=\"icon-list.default\">\n\t\t\t\t<div class=\"elementor-widget-container\">\n\t\t\t\t\t\t\t<ul class=\"elementor-icon-list-items\">\n\t\t\t\t\t\t\t<li class=\"elementor-icon-list-item\">\n\t\t\t\t\t\t\t\t\t\t\t<span class=\"elementor-icon-list-icon\">\n\t\t\t\t\t\t\t<i aria-hidden=\"true\" class=\"fas fa-check\"><\/i>\t\t\t\t\t\t<\/span>\n\t\t\t\t\t\t\t\t\t\t<span class=\"elementor-icon-list-text\">Samlar arbetsgruppens digitala verktyg och informationssk\u00e4llor<\/span>\n\t\t\t\t\t\t\t\t\t<\/li>\n\t\t\t\t\t\t\t\t<li class=\"elementor-icon-list-item\">\n\t\t\t\t\t\t\t\t\t\t\t<span class=\"elementor-icon-list-icon\">\n\t\t\t\t\t\t\t<i aria-hidden=\"true\" class=\"fas fa-check\"><\/i>\t\t\t\t\t\t<\/span>\n\t\t\t\t\t\t\t\t\t\t<span class=\"elementor-icon-list-text\">Underl\u00e4ttar att hitta och anv\u00e4nda r\u00e4tt verktyg och information<\/span>\n\t\t\t\t\t\t\t\t\t<\/li>\n\t\t\t\t\t\t\t\t<li class=\"elementor-icon-list-item\">\n\t\t\t\t\t\t\t\t\t\t\t<span class=\"elementor-icon-list-icon\">\n\t\t\t\t\t\t\t<i aria-hidden=\"true\" class=\"fas fa-check\"><\/i>\t\t\t\t\t\t<\/span>\n\t\t\t\t\t\t\t\t\t\t<span class=\"elementor-icon-list-text\">M\u00f6jligg\u00f6r tillg\u00e5ng oavsett plats och enhet<\/span>\n\t\t\t\t\t\t\t\t\t<\/li>\n\t\t\t\t\t\t<\/ul>\n\t\t\t\t\t\t<\/div>\n\t\t\t\t<\/div>\n\t\t\t\t\t<\/div>\n\t\t\t\t<\/div>\n\t\t\t\t<\/div>\n\t\t<div class=\"elementor-element elementor-element-452c0beb e-con-full e-flex fbth-custom-animation-no e-con e-child\" data-id=\"452c0beb\" data-element_type=\"container\" data-e-type=\"container\" data-settings=\"{&quot;fbth_animation_on&quot;:&quot;no&quot;}\">\n\t\t<div class=\"elementor-element elementor-element-7cf2ce42 e-flex e-con-boxed fbth-custom-animation-no e-con e-child\" data-id=\"7cf2ce42\" data-element_type=\"container\" data-e-type=\"container\" data-settings=\"{&quot;background_background&quot;:&quot;classic&quot;,&quot;fbth_animation_on&quot;:&quot;no&quot;}\">\n\t\t\t\t\t<div class=\"e-con-inner\">\n\t\t\t\t<div class=\"elementor-element elementor-element-2adcf95a FBTH-addons-sticky-no elementor-widget elementor-widget-heading\" data-id=\"2adcf95a\" data-element_type=\"widget\" data-e-type=\"widget\" data-settings=\"{&quot;fbth_sticky&quot;:&quot;no&quot;}\" data-widget_type=\"heading.default\">\n\t\t\t\t<div class=\"elementor-widget-container\">\n\t\t\t\t\t<h3 class=\"elementor-heading-title elementor-size-default\">Resultatet<\/h3>\t\t\t\t<\/div>\n\t\t\t\t<\/div>\n\t\t\t\t<div class=\"elementor-element elementor-element-3b36e9d0 elementor-icon-list--layout-traditional elementor-list-item-link-full_width FBTH-addons-sticky-no elementor-widget elementor-widget-icon-list\" data-id=\"3b36e9d0\" data-element_type=\"widget\" data-e-type=\"widget\" data-settings=\"{&quot;fbth_sticky&quot;:&quot;no&quot;}\" data-widget_type=\"icon-list.default\">\n\t\t\t\t<div class=\"elementor-widget-container\">\n\t\t\t\t\t\t\t<ul class=\"elementor-icon-list-items\">\n\t\t\t\t\t\t\t<li class=\"elementor-icon-list-item\">\n\t\t\t\t\t\t\t\t\t\t\t<span class=\"elementor-icon-list-icon\">\n\t\t\t\t\t\t\t<i aria-hidden=\"true\" class=\"fas fa-check\"><\/i>\t\t\t\t\t\t<\/span>\n\t\t\t\t\t\t\t\t\t\t<span class=\"elementor-icon-list-text\">Mindre tid f\u00f6r att s\u00f6ka efter verktyg och informationsk\u00e4llor<\/span>\n\t\t\t\t\t\t\t\t\t<\/li>\n\t\t\t\t\t\t\t\t<li class=\"elementor-icon-list-item\">\n\t\t\t\t\t\t\t\t\t\t\t<span class=\"elementor-icon-list-icon\">\n\t\t\t\t\t\t\t<i aria-hidden=\"true\" class=\"fas fa-check\"><\/i>\t\t\t\t\t\t<\/span>\n\t\t\t\t\t\t\t\t\t\t<span class=\"elementor-icon-list-text\">Organiserar och tillg\u00e4ngligg\u00f6r alla viktiga l\u00e4nkar<\/span>\n\t\t\t\t\t\t\t\t\t<\/li>\n\t\t\t\t\t\t\t\t<li class=\"elementor-icon-list-item\">\n\t\t\t\t\t\t\t\t\t\t\t<span class=\"elementor-icon-list-icon\">\n\t\t\t\t\t\t\t<i aria-hidden=\"true\" class=\"fas fa-check\"><\/i>\t\t\t\t\t\t<\/span>\n\t\t\t\t\t\t\t\t\t\t<span class=\"elementor-icon-list-text\">Samlar alla digitala arbetsverktyg <\/span>\n\t\t\t\t\t\t\t\t\t<\/li>\n\t\t\t\t\t\t<\/ul>\n\t\t\t\t\t\t<\/div>\n\t\t\t\t<\/div>\n\t\t\t\t\t<\/div>\n\t\t\t\t<\/div>\n\t\t\t\t<\/div>\n\t\t\t\t\t<\/div>\n\t\t\t\t<\/div>\n\t\t\t\t<section class=\"elementor-section elementor-top-section elementor-element elementor-element-114d3db5 elementor-section-boxed elementor-section-height-default elementor-section-height-default fbth-custom-animation-no FBTH-addons-sticky-no\" data-id=\"114d3db5\" data-element_type=\"section\" data-e-type=\"section\" data-settings=\"{&quot;background_background&quot;:&quot;classic&quot;,&quot;fbth_animation_on&quot;:&quot;no&quot;,&quot;fbth_sticky&quot;:&quot;no&quot;}\">\n\t\t\t\t\t\t<div class=\"elementor-container elementor-column-gap-default\">\n\t\t\t\t\t<div class=\"elementor-column elementor-col-100 elementor-top-column elementor-element elementor-element-6262e9e7\" data-id=\"6262e9e7\" data-element_type=\"column\" data-e-type=\"column\">\n\t\t\t<div class=\"elementor-widget-wrap elementor-element-populated\">\n\t\t\t\t\t\t<section class=\"elementor-section elementor-inner-section elementor-element elementor-element-61661f51 animated-fast elementor-section-boxed elementor-section-height-default elementor-section-height-default fbth-custom-animation-no FBTH-addons-sticky-no elementor-invisible\" data-id=\"61661f51\" data-element_type=\"section\" data-e-type=\"section\" data-settings=\"{&quot;animation&quot;:&quot;fadeInUp&quot;,&quot;animation_delay&quot;:100,&quot;fbth_animation_on&quot;:&quot;no&quot;,&quot;fbth_sticky&quot;:&quot;no&quot;}\">\n\t\t\t\t\t\t<div class=\"elementor-container elementor-column-gap-default\">\n\t\t\t\t\t<div class=\"elementor-column elementor-col-100 elementor-inner-column elementor-element elementor-element-3ab69ae0\" data-id=\"3ab69ae0\" data-element_type=\"column\" data-e-type=\"column\">\n\t\t\t<div class=\"elementor-widget-wrap elementor-element-populated\">\n\t\t\t\t\t\t<div class=\"elementor-element elementor-element-1c7f098d FBTH-addons-sticky-no elementor-widget elementor-widget-fbth-title\" data-id=\"1c7f098d\" data-element_type=\"widget\" data-e-type=\"widget\" data-settings=\"{&quot;fbth_sticky&quot;:&quot;no&quot;}\" data-widget_type=\"fbth-title.default\">\n\t\t\t\t<div class=\"elementor-widget-container\">\n\t\t\t\t\t<h2 class=\"fbth-addons-title show-line-no\">Prova Adligo fritt i en vecka.<\/br>Inga kortuppgifter kr\u00e4vs.<\/h2>\t\t\t\t<\/div>\n\t\t\t\t<\/div>\n\t\t\t\t<div class=\"elementor-element elementor-element-6a7798bb fbth-size-default FBTH-addons-sticky-no elementor-widget elementor-widget-text-editor\" data-id=\"6a7798bb\" data-element_type=\"widget\" data-e-type=\"widget\" data-settings=\"{&quot;fbth_sticky&quot;:&quot;no&quot;}\" data-widget_type=\"text-editor.default\">\n\t\t\t\t<div class=\"elementor-widget-container\">\n\t\t\t\t\t\t\t\t\tTj\u00e4nsten avslutas automatiskt efter 7 dagar om du inte v\u00e4ljer att forts\u00e4tta.\t\t\t\t\t\t\t\t<\/div>\n\t\t\t\t<\/div>\n\t\t\t\t<div class=\"elementor-element elementor-element-a42346e elementor-align-center FBTH-addons-sticky-no elementor-widget elementor-widget-button\" data-id=\"a42346e\" data-element_type=\"widget\" data-e-type=\"widget\" data-settings=\"{&quot;fbth_sticky&quot;:&quot;no&quot;}\" data-widget_type=\"button.default\">\n\t\t\t\t<div class=\"elementor-widget-container\">\n\t\t\t\t\t\t\t\t\t<div class=\"elementor-button-wrapper\">\n\t\t\t\t\t<a class=\"elementor-button elementor-button-link elementor-size-sm\" href=\"https:\/\/app.adligo.io\/auth\/registration\">\n\t\t\t\t\t\t<span class=\"elementor-button-content-wrapper\">\n\t\t\t\t\t\t\t\t\t<span class=\"elementor-button-text\">Skapa konto (Gratis)<\/span>\n\t\t\t\t\t<\/span>\n\t\t\t\t\t<\/a>\n\t\t\t\t<\/div>\n\t\t\t\t\t\t\t\t<\/div>\n\t\t\t\t<\/div>\n\t\t\t\t\t<\/div>\n\t\t<\/div>\n\t\t\t\t\t<\/div>\n\t\t<\/section>\n\t\t\t\t\t<\/div>\n\t\t<\/div>\n\t\t\t\t\t<\/div>\n\t\t<\/section>\n\t\t\t\t<\/div>\n\t\t","protected":false},"excerpt":{"rendered":"<p>Snabbl\u00e4nkar Centraliserar och organiserar tillg\u00e5ng till er digitala arbetsmilj\u00f6 H\u00e4rifr\u00e5n \u00e4r du ett klick bort fr\u00e5n alla n\u00f6dv\u00e4ndiga digitala verktyg och informationsk\u00e4llor Se video Prata<\/p>","protected":false},"author":5,"featured_media":0,"parent":0,"menu_order":0,"comment_status":"closed","ping_status":"closed","template":"elementor_header_footer","meta":{"_acf_changed":false,"footnotes":""},"class_list":["post-14717","page","type-page","status-publish","hentry"],"acf":[],"_links":{"self":[{"href":"https:\/\/adligo.io\/en\/wp-json\/wp\/v2\/pages\/14717","targetHints":{"allow":["GET"]}}],"collection":[{"href":"https:\/\/adligo.io\/en\/wp-json\/wp\/v2\/pages"}],"about":[{"href":"https:\/\/adligo.io\/en\/wp-json\/wp\/v2\/types\/page"}],"author":[{"embeddable":true,"href":"https:\/\/adligo.io\/en\/wp-json\/wp\/v2\/users\/5"}],"replies":[{"embeddable":true,"href":"https:\/\/adligo.io\/en\/wp-json\/wp\/v2\/comments?post=14717"}],"version-history":[{"count":0,"href":"https:\/\/adligo.io\/en\/wp-json\/wp\/v2\/pages\/14717\/revisions"}],"wp:attachment":[{"href":"https:\/\/adligo.io\/en\/wp-json\/wp\/v2\/media?parent=14717"}],"curies":[{"name":"wp","href":"https:\/\/api.w.org\/{rel}","templated":true}]}}