{"id":11395,"date":"2023-06-16T14:23:36","date_gmt":"2023-06-16T14:23:36","guid":{"rendered":"https:\/\/new.adligo.io\/?page_id=11395"},"modified":"2025-06-23T08:45:42","modified_gmt":"2025-06-23T08:45:42","slug":"kontakt","status":"publish","type":"page","link":"https:\/\/adligo.io\/en\/kontakt\/","title":{"rendered":"Contact"},"content":{"rendered":"\t\t<div data-elementor-type=\"wp-page\" data-elementor-id=\"11395\" class=\"elementor elementor-11395\" data-elementor-post-type=\"page\">\n\t\t\t\t\t\t<section class=\"elementor-section elementor-top-section elementor-element elementor-element-651a9d8 elementor-section-boxed elementor-section-height-default elementor-section-height-default fbth-custom-animation-no FBTH-addons-sticky-no\" data-id=\"651a9d8\" data-element_type=\"section\" data-e-type=\"section\" data-settings=\"{&quot;fbth_animation_on&quot;:&quot;no&quot;,&quot;fbth_sticky&quot;:&quot;no&quot;}\">\n\t\t\t\t\t\t<div class=\"elementor-container elementor-column-gap-default\">\n\t\t\t\t\t<div class=\"elementor-column elementor-col-100 elementor-top-column elementor-element elementor-element-4eda7a2\" data-id=\"4eda7a2\" data-element_type=\"column\" data-e-type=\"column\">\n\t\t\t<div class=\"elementor-widget-wrap elementor-element-populated\">\n\t\t\t\t\t\t<div class=\"elementor-element elementor-element-eae7632 FBTH-addons-sticky-no elementor-widget elementor-widget-heading\" data-id=\"eae7632\" data-element_type=\"widget\" data-e-type=\"widget\" data-settings=\"{&quot;fbth_sticky&quot;:&quot;no&quot;}\" data-widget_type=\"heading.default\">\n\t\t\t\t<div class=\"elementor-widget-container\">\n\t\t\t\t\t<h2 class=\"elementor-heading-title elementor-size-default\">Kontakt<\/h2>\t\t\t\t<\/div>\n\t\t\t\t<\/div>\n\t\t\t\t\t<\/div>\n\t\t<\/div>\n\t\t\t\t\t<\/div>\n\t\t<\/section>\n\t\t\t\t<section class=\"elementor-section elementor-top-section elementor-element elementor-element-fb4b641 elementor-section-boxed elementor-section-height-default elementor-section-height-default fbth-custom-animation-no FBTH-addons-sticky-no\" data-id=\"fb4b641\" data-element_type=\"section\" data-e-type=\"section\" data-settings=\"{&quot;fbth_animation_on&quot;:&quot;no&quot;,&quot;fbth_sticky&quot;:&quot;no&quot;}\">\n\t\t\t\t\t\t<div class=\"elementor-container elementor-column-gap-default\">\n\t\t\t\t\t<div class=\"elementor-column elementor-col-50 elementor-top-column elementor-element elementor-element-f14f07c\" data-id=\"f14f07c\" data-element_type=\"column\" data-e-type=\"column\">\n\t\t\t<div class=\"elementor-widget-wrap elementor-element-populated\">\n\t\t\t\t\t\t<div class=\"elementor-element elementor-element-40801ed FBTH-addons-sticky-no elementor-widget elementor-widget-heading\" data-id=\"40801ed\" data-element_type=\"widget\" data-e-type=\"widget\" data-settings=\"{&quot;fbth_sticky&quot;:&quot;no&quot;}\" data-widget_type=\"heading.default\">\n\t\t\t\t<div class=\"elementor-widget-container\">\n\t\t\t\t\t<h3 class=\"elementor-heading-title elementor-size-default\">Kom i kontakt med oss<\/h3>\t\t\t\t<\/div>\n\t\t\t\t<\/div>\n\t\t\t\t<div class=\"elementor-element elementor-element-2d1d72b fbth-size-default FBTH-addons-sticky-no elementor-widget elementor-widget-text-editor\" data-id=\"2d1d72b\" data-element_type=\"widget\" data-e-type=\"widget\" data-settings=\"{&quot;fbth_sticky&quot;:&quot;no&quot;}\" data-widget_type=\"text-editor.default\">\n\t\t\t\t<div class=\"elementor-widget-container\">\n\t\t\t\t\t\t\t\t\tKontakta oss direkt via kontaktformul\u00e4ret, telefon eller mejl.<\/br>Vi h\u00f6rs snart!\t\t\t\t\t\t\t\t<\/div>\n\t\t\t\t<\/div>\n\t\t\t\t<section class=\"elementor-section elementor-inner-section elementor-element elementor-element-9aa06cf elementor-section-full_width elementor-section-height-default elementor-section-height-default fbth-custom-animation-no FBTH-addons-sticky-no\" data-id=\"9aa06cf\" data-element_type=\"section\" data-e-type=\"section\" data-settings=\"{&quot;fbth_animation_on&quot;:&quot;no&quot;,&quot;fbth_sticky&quot;:&quot;no&quot;}\">\n\t\t\t\t\t\t<div class=\"elementor-container elementor-column-gap-default\">\n\t\t\t\t\t<div class=\"elementor-column elementor-col-100 elementor-inner-column elementor-element elementor-element-94a71d8\" data-id=\"94a71d8\" data-element_type=\"column\" data-e-type=\"column\">\n\t\t\t<div class=\"elementor-widget-wrap elementor-element-populated\">\n\t\t\t\t\t\t<div class=\"elementor-element elementor-element-9d5452c elementor-position-inline-start elementor-view-default elementor-mobile-position-block-start FBTH-addons-sticky-no elementor-widget elementor-widget-icon-box\" data-id=\"9d5452c\" data-element_type=\"widget\" data-e-type=\"widget\" data-settings=\"{&quot;fbth_sticky&quot;:&quot;no&quot;}\" data-widget_type=\"icon-box.default\">\n\t\t\t\t<div class=\"elementor-widget-container\">\n\t\t\t\t\t\t\t<div class=\"elementor-icon-box-wrapper\">\n\n\t\t\t\t\t\t<div class=\"elementor-icon-box-icon\">\n\t\t\t\t<a href=\"mailto:hello@adligo.io\" class=\"elementor-icon\" tabindex=\"-1\">\n\t\t\t\t<svg xmlns=\"http:\/\/www.w3.org\/2000\/svg\" xmlns:xlink=\"http:\/\/www.w3.org\/1999\/xlink\" id=\"Capa_1\" x=\"0px\" y=\"0px\" viewBox=\"0 0 512.002 512.002\" style=\"enable-background:new 0 0 512.002 512.002;\" xml:space=\"preserve\" width=\"512\" height=\"512\"><g>\t<g>\t\t<path style=\"fill:#33CCCC;\" d=\"M316.741,249.769h-121.48c-6.075,0-11-4.925-11-11c0-6.075,4.925-11,11-11h121.48    c6.075,0,11,4.925,11,11C327.741,244.844,322.816,249.769,316.741,249.769z\"><\/path>\t\t<path style=\"fill:#33CCCC;\" d=\"M316.741,188.774h-121.48c-6.075,0-11-4.925-11-11s4.925-11,11-11h121.48c6.075,0,11,4.925,11,11    S322.816,188.774,316.741,188.774z\"><\/path>\t<\/g>\t<path d=\"M509.887,192.351c0.006-3.426-1.671-6.769-4.419-8.814l-90.427-67.517V92.54c0-6.075-4.925-11-11-11h-35.18L262.582,2.186   c-3.903-2.914-9.258-2.915-13.162,0L143.14,81.54h-35.18c-6.075,0-11,4.925-11,11v23.48L6.534,183.537   c-2.748,2.045-4.425,5.388-4.419,8.814V501c-0.098,5.903,5.094,11.106,11,11h485.772c5.907,0.106,11.097-5.097,11-11V192.351z    M24.115,214.658l138.881,106.577L24.115,472.724V214.658z M180.516,334.681l48.183,36.975c8.039,6.169,17.669,9.252,27.302,9.252   c9.631,0,19.265-3.084,27.302-9.252l48.183-36.975L473.879,490H38.123L180.516,334.681z M349.006,321.235l138.881-106.577v258.066   L349.006,321.235z M480.662,192.471l-65.621,50.357v-99.353L480.662,192.471z M256.001,24.728l76.088,56.812H179.912   L256.001,24.728z M393.041,103.54v156.171l-123.132,94.492c-8.19,6.284-19.627,6.284-27.816,0L118.96,259.711V103.54H393.041z    M96.96,242.828L31.34,192.471l65.621-48.996V242.828z\"><\/path><\/g><\/svg>\t\t\t\t<\/a>\n\t\t\t<\/div>\n\t\t\t\n\t\t\t\t\t\t<div class=\"elementor-icon-box-content\">\n\n\t\t\t\t\n\t\t\t\t\t\t\t\t\t<p class=\"elementor-icon-box-description\">\n\t\t\t\t\t\thello@adligo.io\t\t\t\t\t<\/p>\n\t\t\t\t\n\t\t\t<\/div>\n\t\t\t\n\t\t<\/div>\n\t\t\t\t\t\t<\/div>\n\t\t\t\t<\/div>\n\t\t\t\t\t<\/div>\n\t\t<\/div>\n\t\t\t\t\t<\/div>\n\t\t<\/section>\n\t\t\t\t<section class=\"elementor-section elementor-inner-section elementor-element elementor-element-32f1a09 elementor-section-full_width elementor-section-height-default elementor-section-height-default fbth-custom-animation-no FBTH-addons-sticky-no\" data-id=\"32f1a09\" data-element_type=\"section\" data-e-type=\"section\" data-settings=\"{&quot;fbth_animation_on&quot;:&quot;no&quot;,&quot;fbth_sticky&quot;:&quot;no&quot;}\">\n\t\t\t\t\t\t<div class=\"elementor-container elementor-column-gap-default\">\n\t\t\t\t\t<div class=\"elementor-column elementor-col-100 elementor-inner-column elementor-element elementor-element-9b065f0\" data-id=\"9b065f0\" data-element_type=\"column\" data-e-type=\"column\">\n\t\t\t<div class=\"elementor-widget-wrap elementor-element-populated\">\n\t\t\t\t\t\t<div class=\"elementor-element elementor-element-d266a5a elementor-position-inline-start elementor-view-default elementor-mobile-position-block-start FBTH-addons-sticky-no elementor-widget elementor-widget-icon-box\" data-id=\"d266a5a\" data-element_type=\"widget\" data-e-type=\"widget\" data-settings=\"{&quot;fbth_sticky&quot;:&quot;no&quot;}\" data-widget_type=\"icon-box.default\">\n\t\t\t\t<div class=\"elementor-widget-container\">\n\t\t\t\t\t\t\t<div class=\"elementor-icon-box-wrapper\">\n\n\t\t\t\t\t\t<div class=\"elementor-icon-box-icon\">\n\t\t\t\t<a href=\"tel:+4610-491%2008%2000%20\" class=\"elementor-icon\" tabindex=\"-1\">\n\t\t\t\t<svg xmlns=\"http:\/\/www.w3.org\/2000\/svg\" xmlns:xlink=\"http:\/\/www.w3.org\/1999\/xlink\" id=\"Capa_1\" x=\"0px\" y=\"0px\" viewBox=\"0 0 512.099 512.099\" style=\"enable-background:new 0 0 512.099 512.099;\" xml:space=\"preserve\" width=\"512\" height=\"512\"><g>\t<g>\t\t<path d=\"M360.002,512.099C182.035,510.032-40.847,281.453,7.037,101.483c9.7-52.761,103.24-143.784,164.061-79.163    c24.182,25.619,55.325,45.57,54.524,85.186c0.175,24.992-11.762,44.315-29.838,60.5c-20.468,20.469-22.362,53.026-4.405,75.73l0,0    c22.11,27.981,48.558,54.426,76.542,76.544c22.705,17.955,55.261,16.062,75.73-4.407l8.285-8.283    c13.898-13.898,32.442-21.554,52.217-21.554c39.568-0.827,59.641,30.402,85.188,54.524    c64.523,61.368-26.177,154.006-79.164,164.061C394.72,509.614,377.895,512.099,360.002,512.099z M120.669,21.989    c-36.888-1.448-86.085,52.089-92.036,83.75c-38.76,147.539,115.537,317.303,248.279,367.534    c64.623,23.109,123.889,26.382,172.685-14.656c32.528-27.847,57.634-69.133,24.188-102.5c-0.001,0-32.971-32.969-32.971-32.969    c-19.186-20.017-54.14-20.011-73.322,0.001c0-0.001-8.285,8.283-8.285,8.283c-28.361,28.362-73.474,30.986-104.934,6.105    c-14.654-11.591-28.914-24.298-42.383-37.768c-13.476-13.476-26.183-27.736-37.768-42.385    c-24.881-31.458-22.256-76.569,6.105-104.933l8.284-8.284c20.017-19.169,20.011-54.15,0-73.321    c0.001,0-32.971-32.971-32.971-32.971C144.924,27.258,133.409,21.989,120.669,21.989z\"><\/path>\t<\/g>\t<g>\t\t<path style=\"fill:#33CCCC;\" d=\"M412.142,203.81c-5.075,0-9.637-3.532-10.745-8.695c-4.475-20.863-14.815-39.865-29.902-54.951    c-15.314-15.315-34.622-25.72-55.835-30.09c-5.95-1.226-9.78-7.043-8.555-12.993c1.227-5.95,7.044-9.78,12.993-8.554    c25.438,5.239,48.59,17.716,66.953,36.08c18.091,18.091,30.491,40.876,35.857,65.895c1.274,5.939-2.508,11.788-8.448,13.062    C413.683,203.73,412.906,203.81,412.142,203.81z\"><\/path>\t<\/g>\t<g>\t\t<path style=\"fill:#33CCCC;\" d=\"M474.285,265.613c-0.718,0-1.446-0.07-2.177-0.217c-5.956-1.196-9.815-6.994-8.619-12.95    c11.458-57.062-6.272-115.697-47.425-156.852c-41.229-41.229-99.962-58.94-157.11-47.373c-5.956,1.211-11.758-2.645-12.963-8.6    c-1.205-5.954,2.645-11.758,8.599-12.963c64.397-13.034,130.574,6.922,177.031,53.379    c46.371,46.373,66.348,112.443,53.438,176.738C484.009,262.002,479.417,265.613,474.285,265.613z\"><\/path>\t<\/g><\/g><\/svg>\t\t\t\t<\/a>\n\t\t\t<\/div>\n\t\t\t\n\t\t\t\t\t\t<div class=\"elementor-icon-box-content\">\n\n\t\t\t\t\n\t\t\t\t\t\t\t\t\t<p class=\"elementor-icon-box-description\">\n\t\t\t\t\t\t+4610-491 08 00\n\t\t\t\t\t<\/p>\n\t\t\t\t\n\t\t\t<\/div>\n\t\t\t\n\t\t<\/div>\n\t\t\t\t\t\t<\/div>\n\t\t\t\t<\/div>\n\t\t\t\t\t<\/div>\n\t\t<\/div>\n\t\t\t\t\t<\/div>\n\t\t<\/section>\n\t\t\t\t<section class=\"elementor-section elementor-inner-section elementor-element elementor-element-8263342 elementor-section-full_width elementor-section-height-default elementor-section-height-default fbth-custom-animation-no FBTH-addons-sticky-no\" data-id=\"8263342\" data-element_type=\"section\" data-e-type=\"section\" data-settings=\"{&quot;fbth_animation_on&quot;:&quot;no&quot;,&quot;fbth_sticky&quot;:&quot;no&quot;}\">\n\t\t\t\t\t\t<div class=\"elementor-container elementor-column-gap-default\">\n\t\t\t\t\t<div class=\"elementor-column elementor-col-100 elementor-inner-column elementor-element elementor-element-f7a36d1\" data-id=\"f7a36d1\" data-element_type=\"column\" data-e-type=\"column\">\n\t\t\t<div class=\"elementor-widget-wrap elementor-element-populated\">\n\t\t\t\t\t\t<div class=\"elementor-element elementor-element-cd3fe97 elementor-position-inline-start elementor-view-default elementor-mobile-position-block-start FBTH-addons-sticky-no elementor-widget elementor-widget-icon-box\" data-id=\"cd3fe97\" data-element_type=\"widget\" data-e-type=\"widget\" data-settings=\"{&quot;fbth_sticky&quot;:&quot;no&quot;}\" data-widget_type=\"icon-box.default\">\n\t\t\t\t<div class=\"elementor-widget-container\">\n\t\t\t\t\t\t\t<div class=\"elementor-icon-box-wrapper\">\n\n\t\t\t\t\t\t<div class=\"elementor-icon-box-icon\">\n\t\t\t\t<a href=\"tel:+4610-491%2008%2000%20\" class=\"elementor-icon\" tabindex=\"-1\">\n\t\t\t\t<i aria-hidden=\"true\" class=\"far fa-clock\"><\/i>\t\t\t\t<\/a>\n\t\t\t<\/div>\n\t\t\t\n\t\t\t\t\t\t<div class=\"elementor-icon-box-content\">\n\n\t\t\t\t\n\t\t\t\t\t\t\t\t\t<p class=\"elementor-icon-box-description\">\n\t\t\t\t\t\tM\u00e5ndag \u2013 Fredag \u200b\u200b09:00 \u2013 16:00 (GMT +1)\t\t\t\t\t<\/p>\n\t\t\t\t\n\t\t\t<\/div>\n\t\t\t\n\t\t<\/div>\n\t\t\t\t\t\t<\/div>\n\t\t\t\t<\/div>\n\t\t\t\t\t<\/div>\n\t\t<\/div>\n\t\t\t\t\t<\/div>\n\t\t<\/section>\n\t\t\t\t\t<\/div>\n\t\t<\/div>\n\t\t\t\t<div class=\"elementor-column elementor-col-50 elementor-top-column elementor-element elementor-element-71d69d1\" data-id=\"71d69d1\" data-element_type=\"column\" data-e-type=\"column\" data-settings=\"{&quot;background_background&quot;:&quot;classic&quot;}\">\n\t\t\t<div class=\"elementor-widget-wrap elementor-element-populated\">\n\t\t\t\t\t\t<div class=\"elementor-element elementor-element-0dce1c5 kontaktform elementor-button-align-stretch FBTH-addons-sticky-no elementor-widget elementor-widget-form\" data-id=\"0dce1c5\" data-element_type=\"widget\" data-e-type=\"widget\" data-settings=\"{&quot;step_next_label&quot;:&quot;N\\u00e4sta&quot;,&quot;step_previous_label&quot;:&quot;F\\u00f6reg\\u00e5ende&quot;,&quot;button_width&quot;:&quot;100&quot;,&quot;step_type&quot;:&quot;number_text&quot;,&quot;step_icon_shape&quot;:&quot;circle&quot;,&quot;fbth_sticky&quot;:&quot;no&quot;}\" data-widget_type=\"form.default\">\n\t\t\t\t<div class=\"elementor-widget-container\">\n\t\t\t\t\t\t\t<form class=\"elementor-form\" method=\"post\" name=\"Nytt formul\u00e4r\" aria-label=\"Nytt formul\u00e4r\">\n\t\t\t<input type=\"hidden\" name=\"post_id\" value=\"11395\"\/>\n\t\t\t<input type=\"hidden\" name=\"form_id\" value=\"0dce1c5\"\/>\n\t\t\t<input type=\"hidden\" name=\"referer_title\" value=\"Kontakt - Adligo\" \/>\n\n\t\t\t\t\t\t\t<input type=\"hidden\" name=\"queried_id\" value=\"11395\"\/>\n\t\t\t\n\t\t\t<div class=\"elementor-form-fields-wrapper elementor-labels-\">\n\t\t\t\t\t\t\t\t<div class=\"elementor-field-type-text elementor-field-group elementor-column elementor-field-group-name elementor-col-50 elementor-field-required\">\n\t\t\t\t\t\t\t\t\t\t\t\t<label for=\"form-field-name\" class=\"elementor-field-label elementor-screen-only\">\n\t\t\t\t\t\t\t\tF\u00f6rnamn\t\t\t\t\t\t\t<\/label>\n\t\t\t\t\t\t\t\t\t\t\t\t\t\t<input size=\"1\" type=\"text\" name=\"form_fields[name]\" id=\"form-field-name\" class=\"elementor-field elementor-size-sm  elementor-field-textual\" placeholder=\"F\u00f6rnamn\" required=\"required\">\n\t\t\t\t\t\t\t\t\t\t\t<\/div>\n\t\t\t\t\t\t\t\t<div class=\"elementor-field-type-text elementor-field-group elementor-column elementor-field-group-field_9c07337 elementor-col-50 elementor-field-required\">\n\t\t\t\t\t\t\t\t\t\t\t\t<label for=\"form-field-field_9c07337\" class=\"elementor-field-label elementor-screen-only\">\n\t\t\t\t\t\t\t\tEfternamn\t\t\t\t\t\t\t<\/label>\n\t\t\t\t\t\t\t\t\t\t\t\t\t\t<input size=\"1\" type=\"text\" name=\"form_fields[field_9c07337]\" id=\"form-field-field_9c07337\" class=\"elementor-field elementor-size-sm  elementor-field-textual\" placeholder=\"Efternamn\" required=\"required\">\n\t\t\t\t\t\t\t\t\t\t\t<\/div>\n\t\t\t\t\t\t\t\t<div class=\"elementor-field-type-email elementor-field-group elementor-column elementor-field-group-email elementor-col-100 elementor-field-required\">\n\t\t\t\t\t\t\t\t\t\t\t\t<label for=\"form-field-email\" class=\"elementor-field-label elementor-screen-only\">\n\t\t\t\t\t\t\t\tE-post\t\t\t\t\t\t\t<\/label>\n\t\t\t\t\t\t\t\t\t\t\t\t\t\t<input size=\"1\" type=\"email\" name=\"form_fields[email]\" id=\"form-field-email\" class=\"elementor-field elementor-size-sm  elementor-field-textual\" placeholder=\"E-post\" required=\"required\">\n\t\t\t\t\t\t\t\t\t\t\t<\/div>\n\t\t\t\t\t\t\t\t<div class=\"elementor-field-type-tel elementor-field-group elementor-column elementor-field-group-field_0ee8aa0 elementor-col-100 elementor-field-required\">\n\t\t\t\t\t\t\t\t\t\t\t\t<label for=\"form-field-field_0ee8aa0\" class=\"elementor-field-label elementor-screen-only\">\n\t\t\t\t\t\t\t\tTelefon\t\t\t\t\t\t\t<\/label>\n\t\t\t\t\t\t\t\t<input size=\"1\" type=\"tel\" name=\"form_fields[field_0ee8aa0]\" id=\"form-field-field_0ee8aa0\" class=\"elementor-field elementor-size-sm  elementor-field-textual\" placeholder=\"Telefon\" required=\"required\" pattern=\"[0-9()#&amp;+*-=.]+\" title=\"Endast siffror och telefontecken (#, -, *, etc) accepteras.\">\n\n\t\t\t\t\t\t<\/div>\n\t\t\t\t\t\t\t\t<div class=\"elementor-field-type-textarea elementor-field-group elementor-column elementor-field-group-message elementor-col-100\">\n\t\t\t\t\t\t\t\t\t\t\t\t<label for=\"form-field-message\" class=\"elementor-field-label elementor-screen-only\">\n\t\t\t\t\t\t\t\tMeddelande\t\t\t\t\t\t\t<\/label>\n\t\t\t\t\t\t<textarea class=\"elementor-field-textual elementor-field  elementor-size-sm\" name=\"form_fields[message]\" id=\"form-field-message\" rows=\"4\" placeholder=\"Meddelande\"><\/textarea>\t\t\t\t<\/div>\n\t\t\t\t\t\t\t\t<div class=\"elementor-field-type-recaptcha elementor-field-group elementor-column elementor-field-group-field_55c5273 elementor-col-100\">\n\t\t\t\t\t<div class=\"elementor-field\" id=\"form-field-field_55c5273\"><div class=\"elementor-g-recaptcha\" data-sitekey=\"6Ld51uonAAAAAA0hf_roiJR2g8EemBs7wga2PTWY\" data-type=\"v2_checkbox\" data-theme=\"dark\" data-size=\"normal\"><\/div><\/div>\t\t\t\t<\/div>\n\t\t\t\t\t\t\t\t<div class=\"elementor-field-group elementor-column elementor-field-type-submit elementor-col-100 e-form__buttons\">\n\t\t\t\t\t<button class=\"elementor-button elementor-size-sm\" type=\"submit\">\n\t\t\t\t\t\t<span class=\"elementor-button-content-wrapper\">\n\t\t\t\t\t\t\t\t\t\t\t\t\t\t\t\t\t\t\t\t\t\t<span class=\"elementor-button-text\">Skicka<\/span>\n\t\t\t\t\t\t\t\t\t\t\t\t\t<\/span>\n\t\t\t\t\t<\/button>\n\t\t\t\t<\/div>\n\t\t\t<\/div>\n\t\t<input\n                    class=\"apbct_special_field apbct_email_id__elementor_form\"\n                    name=\"apbct__email_id__elementor_form\"\n                    aria-label=\"apbct__label_id__elementor_form\"\n                    type=\"text\" size=\"30\" maxlength=\"200\" autocomplete=\"off\"\n                    value=\"\"\n                \/><\/form>\n\t\t\t\t\t\t<\/div>\n\t\t\t\t<\/div>\n\t\t\t\t\t<\/div>\n\t\t<\/div>\n\t\t\t\t\t<\/div>\n\t\t<\/section>\n\t\t\t\t<\/div>\n\t\t","protected":false},"excerpt":{"rendered":"<p>Kontakt Kom i kontakt med oss Kontakta oss direkt via kontaktformul\u00e4ret, telefon eller mejl.Vi h\u00f6rs snart! hello@adligo.io +4610-491 08 00 M\u00e5ndag \u2013 Fredag \u200b\u200b09:00 \u2013<\/p>","protected":false},"author":4,"featured_media":0,"parent":0,"menu_order":0,"comment_status":"closed","ping_status":"closed","template":"elementor_header_footer","meta":{"_acf_changed":false,"footnotes":""},"class_list":["post-11395","page","type-page","status-publish","hentry"],"acf":[],"_links":{"self":[{"href":"https:\/\/adligo.io\/en\/wp-json\/wp\/v2\/pages\/11395","targetHints":{"allow":["GET"]}}],"collection":[{"href":"https:\/\/adligo.io\/en\/wp-json\/wp\/v2\/pages"}],"about":[{"href":"https:\/\/adligo.io\/en\/wp-json\/wp\/v2\/types\/page"}],"author":[{"embeddable":true,"href":"https:\/\/adligo.io\/en\/wp-json\/wp\/v2\/users\/4"}],"replies":[{"embeddable":true,"href":"https:\/\/adligo.io\/en\/wp-json\/wp\/v2\/comments?post=11395"}],"version-history":[{"count":3,"href":"https:\/\/adligo.io\/en\/wp-json\/wp\/v2\/pages\/11395\/revisions"}],"predecessor-version":[{"id":15709,"href":"https:\/\/adligo.io\/en\/wp-json\/wp\/v2\/pages\/11395\/revisions\/15709"}],"wp:attachment":[{"href":"https:\/\/adligo.io\/en\/wp-json\/wp\/v2\/media?parent=11395"}],"curies":[{"name":"wp","href":"https:\/\/api.w.org\/{rel}","templated":true}]}}